{"id":9,"date":"2023-07-03T15:24:02","date_gmt":"2023-07-03T13:24:02","guid":{"rendered":"http:\/\/Malovanipiskem.idmg.cz\/?page_id=9"},"modified":"2023-07-07T15:44:52","modified_gmt":"2023-07-07T13:44:52","slug":"home","status":"publish","type":"page","link":"https:\/\/Malovanipiskem.idmg.cz\/","title":{"rendered":"Home"},"content":{"rendered":"\t\t<div data-elementor-type=\"wp-page\" data-elementor-id=\"9\" class=\"elementor elementor-9\">\n\t\t\t\t\t\t\t\t\t<section data-particle_enable=\"false\" data-particle-mobile-disabled=\"false\" class=\"elementor-section elementor-top-section elementor-element elementor-element-4f1d604 elementor-section-boxed elementor-section-height-default elementor-section-height-default\" data-id=\"4f1d604\" data-element_type=\"section\">\n\t\t\t\t\t\t<div class=\"elementor-container elementor-column-gap-default\">\n\t\t\t\t\t<div class=\"elementor-column elementor-col-100 elementor-top-column elementor-element elementor-element-c0b8a65\" data-id=\"c0b8a65\" data-element_type=\"column\">\n\t\t\t<div class=\"elementor-widget-wrap elementor-element-populated\">\n\t\t\t\t\t\t\t\t<div class=\"elementor-element elementor-element-832d88c elementor-widget elementor-widget-theme-site-title elementor-widget-heading\" data-id=\"832d88c\" data-element_type=\"widget\" data-widget_type=\"theme-site-title.default\">\n\t\t\t\t<div class=\"elementor-widget-container\">\n\t\t\t<style>\/*! elementor - v3.14.0 - 26-06-2023 *\/\n.elementor-heading-title{padding:0;margin:0;line-height:1}.elementor-widget-heading .elementor-heading-title[class*=elementor-size-]>a{color:inherit;font-size:inherit;line-height:inherit}.elementor-widget-heading .elementor-heading-title.elementor-size-small{font-size:15px}.elementor-widget-heading .elementor-heading-title.elementor-size-medium{font-size:19px}.elementor-widget-heading .elementor-heading-title.elementor-size-large{font-size:29px}.elementor-widget-heading .elementor-heading-title.elementor-size-xl{font-size:39px}.elementor-widget-heading .elementor-heading-title.elementor-size-xxl{font-size:59px}<\/style><h2 class=\"elementor-heading-title elementor-size-default\"><a href=\"https:\/\/Malovanipiskem.idmg.cz\">Malovanipiskem<\/a><\/h2>\t\t<\/div>\n\t\t\t\t<\/div>\n\t\t\t\t\t<\/div>\n\t\t<\/div>\n\t\t\t\t\t\t\t<\/div>\n\t\t<\/section>\n\t\t\t\t<section data-particle_enable=\"false\" data-particle-mobile-disabled=\"false\" class=\"elementor-section elementor-top-section elementor-element elementor-element-a7457f8 elementor-section-full_width elementor-section-height-default elementor-section-height-default\" data-id=\"a7457f8\" data-element_type=\"section\" data-settings=\"{&quot;background_background&quot;:&quot;classic&quot;}\">\n\t\t\t\t\t\t<div class=\"elementor-container elementor-column-gap-no\">\n\t\t\t\t\t<div class=\"elementor-column elementor-col-100 elementor-top-column elementor-element elementor-element-6717c5e\" data-id=\"6717c5e\" data-element_type=\"column\">\n\t\t\t<div class=\"elementor-widget-wrap elementor-element-populated\">\n\t\t\t\t\t\t\t\t<div class=\"elementor-element elementor-element-19e5789 elementor-widget elementor-widget-tp-carousel-anything\" data-id=\"19e5789\" data-element_type=\"widget\" data-widget_type=\"tp-carousel-anything.default\">\n\t\t\t\t<div class=\"elementor-widget-container\">\n\t\t\t\t\t\r\n\t\t<div id=\"carousel69f749dee40eb\" class=\"theplus-carousel-anything-wrapper list-carousel-slick   overlay-content-dots carousel69f749dee40eb \" data-id=\"carousel69f749dee40eb\" data-connection=\"\"   data-slider_direction=\"false\" data-slide_speed=\"1500\" data-slide_fade_inout=\"false\" data-slider_desktop_column=\"1\" data-steps_slide=\"1\" data-slider_draggable=\"true\" data-multi_drag=\"false\" data-slider_infinite=\"true\" data-slider_pause_hover=\"false\" data-slider_adaptive_height=\"false\" data-slider_animation=\"ease\" data-slider_autoplay=\"true\" data-autoplay_speed=\"3000\" data-slider_tablet_column=\"1\" data-tablet_steps_slide=\"1\" data-slider_responsive_tablet=\"no\" data-slider_mobile_column=\"1\" data-mobile_steps_slide=\"1\" data-slider_responsive_mobile=\"no\" data-slider_dots=\"true\" data-slider_dots_style=\"slick-dots style-1\"  data-slider_arrows=\"false\" data-slider_arrows_style=\"style-1\"  data-arrows_position=\"top-right\"  data-arrow_bg_color=\"#c44d48\"  data-arrow_icon_color=\"#fff\"  data-arrow_hover_bg_color=\"#fff\"  data-arrow_hover_icon_color=\"#c44d48\"  data-slider_center_mode=\"false\"  data-center_padding=\"0\"  data-scale_center_slide=\"1\"  data-scale_normal_slide=\"0.8\"  data-opacity_normal_slide=\"0.7\"  data-slider_rows=\"1\"  >\r\n\t\t\t<div class=\"plus-carousel-inner post-inner-loop\">\r\n\t\t\t\t\t\t\t\t<div id=\"slide-content-2711\" class=\"plus-slide-content grid-item \">\r\n\t\t\t\t\t\t<div class=\"slide-content-inner\">\r\n\t\t\t\t\t\t\t<div class=\"plus-content-editor\">\t\t<div data-elementor-type=\"page\" data-elementor-id=\"97\" class=\"elementor elementor-97\">\n\t\t\t\t\t\t\t\t\t<section data-particle_enable=\"false\" data-particle-mobile-disabled=\"false\" class=\"elementor-section elementor-top-section elementor-element elementor-element-db17308 elementor-section-height-min-height elementor-section-boxed elementor-section-height-default elementor-section-items-middle\" data-id=\"db17308\" data-element_type=\"section\" data-settings=\"{&quot;background_background&quot;:&quot;gradient&quot;}\">\n\t\t\t\t\t\t<div class=\"elementor-container elementor-column-gap-default\">\n\t\t\t\t\t<div class=\"elementor-column elementor-col-50 elementor-top-column elementor-element elementor-element-3a0e92f\" data-id=\"3a0e92f\" data-element_type=\"column\">\n\t\t\t<div class=\"elementor-widget-wrap elementor-element-populated\">\n\t\t\t\t\t\t\t\t<div class=\"elementor-element elementor-element-1e15b7c elementor-widget elementor-widget-heading\" data-id=\"1e15b7c\" data-element_type=\"widget\" data-widget_type=\"heading.default\">\n\t\t\t\t<div class=\"elementor-widget-container\">\n\t\t\t<h2 class=\"elementor-heading-title elementor-size-default\">Kreativita & motorika<\/h2>\t\t<\/div>\n\t\t\t\t<\/div>\n\t\t\t\t<div class=\"elementor-element elementor-element-e78a674 elementor-widget elementor-widget-spacer\" data-id=\"e78a674\" data-element_type=\"widget\" data-widget_type=\"spacer.default\">\n\t\t\t\t<div class=\"elementor-widget-container\">\n\t\t\t<style>\/*! elementor - v3.14.0 - 26-06-2023 *\/\n.elementor-column .elementor-spacer-inner{height:var(--spacer-size)}.e-con{--container-widget-width:100%}.e-con-inner>.elementor-widget-spacer,.e-con>.elementor-widget-spacer{width:var(--container-widget-width,var(--spacer-size));--align-self:var(--container-widget-align-self,initial);--flex-shrink:0}.e-con-inner>.elementor-widget-spacer>.elementor-widget-container,.e-con-inner>.elementor-widget-spacer>.elementor-widget-container>.elementor-spacer,.e-con>.elementor-widget-spacer>.elementor-widget-container,.e-con>.elementor-widget-spacer>.elementor-widget-container>.elementor-spacer{height:100%}.e-con-inner>.elementor-widget-spacer>.elementor-widget-container>.elementor-spacer>.elementor-spacer-inner,.e-con>.elementor-widget-spacer>.elementor-widget-container>.elementor-spacer>.elementor-spacer-inner{height:var(--container-widget-height,var(--spacer-size))}<\/style>\t\t<div class=\"elementor-spacer\">\n\t\t\t<div class=\"elementor-spacer-inner\"><\/div>\n\t\t<\/div>\n\t\t\t\t<\/div>\n\t\t\t\t<\/div>\n\t\t\t\t<div class=\"elementor-element elementor-element-2d4c330 elementor-widget elementor-widget-text-editor\" data-id=\"2d4c330\" data-element_type=\"widget\" data-widget_type=\"text-editor.default\">\n\t\t\t\t<div class=\"elementor-widget-container\">\n\t\t\t<style>\/*! elementor - v3.14.0 - 26-06-2023 *\/\n.elementor-widget-text-editor.elementor-drop-cap-view-stacked .elementor-drop-cap{background-color:#69727d;color:#fff}.elementor-widget-text-editor.elementor-drop-cap-view-framed .elementor-drop-cap{color:#69727d;border:3px solid;background-color:transparent}.elementor-widget-text-editor:not(.elementor-drop-cap-view-default) .elementor-drop-cap{margin-top:8px}.elementor-widget-text-editor:not(.elementor-drop-cap-view-default) .elementor-drop-cap-letter{width:1em;height:1em}.elementor-widget-text-editor .elementor-drop-cap{float:left;text-align:center;line-height:1;font-size:50px}.elementor-widget-text-editor .elementor-drop-cap-letter{display:inline-block}<\/style>\t\t\t\t<p>Kreativita a rozvoj motoriky jsou d\u016fle\u017eit\u00e9 pro celkov\u00fd v\u00fdvoj d\u00edt\u011bte. Tvorba um\u011bleck\u00fdch d\u011bl, jako je malov\u00e1n\u00ed a modelov\u00e1n\u00ed, pom\u00e1h\u00e1 rozv\u00edjet jemnou motoriku a kreativitu u d\u011bt\u00ed. Z\u00e1rove\u0148 p\u0159in\u00e1\u0161\u00ed radost a p\u0159isp\u00edv\u00e1 ke zlep\u0161en\u00ed sebev\u011bdom\u00ed d\u00edt\u011bte. D\u011btsk\u00e1 hra s p\u00edskem, plastel\u00ednou a legem pom\u00e1h\u00e1 rozv\u00edjet hrubou motoriku a koordinaci pohyb\u016f. Oba aspekty jsou kl\u00ed\u010dov\u00e9 pro budouc\u00ed \u00fasp\u011bch d\u00edt\u011bte jak v akademick\u00fdch oborech, tak i v \u017eivot\u011b obecn\u011b.<\/p>\t\t\t\t\t\t<\/div>\n\t\t\t\t<\/div>\n\t\t\t\t<div class=\"elementor-element elementor-element-3c01295 elementor-widget elementor-widget-spacer\" data-id=\"3c01295\" data-element_type=\"widget\" data-widget_type=\"spacer.default\">\n\t\t\t\t<div class=\"elementor-widget-container\">\n\t\t\t\t\t<div class=\"elementor-spacer\">\n\t\t\t<div class=\"elementor-spacer-inner\"><\/div>\n\t\t<\/div>\n\t\t\t\t<\/div>\n\t\t\t\t<\/div>\n\t\t\t\t<div class=\"elementor-element elementor-element-5a13313 elementor-widget elementor-widget-button\" data-id=\"5a13313\" data-element_type=\"widget\" data-widget_type=\"button.default\">\n\t\t\t\t<div class=\"elementor-widget-container\">\n\t\t\t\t\t<div class=\"elementor-button-wrapper\">\n\t\t\t<a class=\"elementor-button elementor-button-link elementor-size-sm\" href=\"#\">\n\t\t\t\t\t\t<span class=\"elementor-button-content-wrapper\">\n\t\t\t\t\t\t<span class=\"elementor-button-text\">Klikn\u011bte zde<\/span>\n\t\t<\/span>\n\t\t\t\t\t<\/a>\n\t\t<\/div>\n\t\t\t\t<\/div>\n\t\t\t\t<\/div>\n\t\t\t\t\t<\/div>\n\t\t<\/div>\n\t\t\t\t<div class=\"elementor-column elementor-col-50 elementor-top-column elementor-element elementor-element-6b2f7db\" data-id=\"6b2f7db\" data-element_type=\"column\">\n\t\t\t<div class=\"elementor-widget-wrap elementor-element-populated\">\n\t\t\t\t\t\t\t\t<div class=\"elementor-element elementor-element-8d05849 elementor-widget elementor-widget-image\" data-id=\"8d05849\" data-element_type=\"widget\" data-widget_type=\"image.default\">\n\t\t\t\t<div class=\"elementor-widget-container\">\n\t\t\t<style>\/*! elementor - v3.14.0 - 26-06-2023 *\/\n.elementor-widget-image{text-align:center}.elementor-widget-image a{display:inline-block}.elementor-widget-image a img[src$=\".svg\"]{width:48px}.elementor-widget-image img{vertical-align:middle;display:inline-block}<\/style>\t\t\t\t\t\t\t\t\t\t\t\t<img loading=\"lazy\" decoding=\"async\" width=\"750\" height=\"750\" src=\"https:\/\/Malovanipiskem.idmg.cz\/wp-content\/uploads\/2023\/07\/LOGO_FINAL_rgb-1024x1024.png\" class=\"attachment-large size-large wp-image-111\" alt=\"\" srcset=\"http:\/\/Malovanipiskem.idmg.cz\/wp-content\/uploads\/2023\/07\/LOGO_FINAL_rgb-1024x1024.png 1024w, http:\/\/Malovanipiskem.idmg.cz\/wp-content\/uploads\/2023\/07\/LOGO_FINAL_rgb-300x300.png 300w, http:\/\/Malovanipiskem.idmg.cz\/wp-content\/uploads\/2023\/07\/LOGO_FINAL_rgb-150x150.png 150w, http:\/\/Malovanipiskem.idmg.cz\/wp-content\/uploads\/2023\/07\/LOGO_FINAL_rgb-768x768.png 768w, http:\/\/Malovanipiskem.idmg.cz\/wp-content\/uploads\/2023\/07\/LOGO_FINAL_rgb-700x700.png 700w, http:\/\/Malovanipiskem.idmg.cz\/wp-content\/uploads\/2023\/07\/LOGO_FINAL_rgb.png 1200w\" sizes=\"auto, (max-width: 750px) 100vw, 750px\" style=\"width:100%;height:100%;max-width:1200px\" \/>\t\t\t\t\t\t\t\t\t\t\t\t\t\t\t<\/div>\n\t\t\t\t<\/div>\n\t\t\t\t\t<\/div>\n\t\t<\/div>\n\t\t\t\t\t\t\t<\/div>\n\t\t<\/section>\n\t\t\t\t\t\t\t<\/div>\n\t\t<\/div>\t\t\t\t\t\t\r\n\t\t\t\t\t\t<\/div>\r\n\t\t\t\t\t<\/div>\r\n\t\t\t\t\t\t\t\t\t<div id=\"slide-content-2712\" class=\"plus-slide-content grid-item \">\r\n\t\t\t\t\t\t<div class=\"slide-content-inner\">\r\n\t\t\t\t\t\t\t\t\t\t\t\t\t\r\n\t\t\t\t\t\t<\/div>\r\n\t\t\t\t\t<\/div>\r\n\t\t\t\t\t\t\t<\/div>\r\n\t\t<\/div>\r\n\t\t\t\t<\/div>\n\t\t\t\t<\/div>\n\t\t\t\t\t<\/div>\n\t\t<\/div>\n\t\t\t\t\t\t\t<\/div>\n\t\t<\/section>\n\t\t\t\t<section data-particle_enable=\"false\" data-particle-mobile-disabled=\"false\" class=\"elementor-section elementor-top-section elementor-element elementor-element-a41cf40 elementor-section-boxed elementor-section-height-default elementor-section-height-default\" data-id=\"a41cf40\" data-element_type=\"section\">\n\t\t\t\t\t\t<div class=\"elementor-container elementor-column-gap-default\">\n\t\t\t\t\t<div class=\"elementor-column elementor-col-100 elementor-top-column elementor-element elementor-element-90fa41a\" data-id=\"90fa41a\" data-element_type=\"column\">\n\t\t\t<div class=\"elementor-widget-wrap\">\n\t\t\t\t\t\t\t\t\t<\/div>\n\t\t<\/div>\n\t\t\t\t\t\t\t<\/div>\n\t\t<\/section>\n\t\t\t\t<section data-particle_enable=\"false\" data-particle-mobile-disabled=\"false\" class=\"elementor-section elementor-top-section elementor-element elementor-element-e44dd92 elementor-section-stretched elementor-section-boxed elementor-section-height-default elementor-section-height-default\" data-id=\"e44dd92\" data-element_type=\"section\" data-settings=\"{&quot;stretch_section&quot;:&quot;section-stretched&quot;,&quot;background_background&quot;:&quot;classic&quot;}\">\n\t\t\t\t\t\t<div class=\"elementor-container elementor-column-gap-no\">\n\t\t\t\t\t<div class=\"elementor-column elementor-col-100 elementor-top-column elementor-element elementor-element-1911798f\" data-id=\"1911798f\" data-element_type=\"column\">\n\t\t\t<div class=\"elementor-widget-wrap elementor-element-populated\">\n\t\t\t\t\t\t\t\t<div class=\"elementor-element elementor-element-5b75d54f elementor-widget elementor-widget-spacer\" data-id=\"5b75d54f\" data-element_type=\"widget\" data-widget_type=\"spacer.default\">\n\t\t\t\t<div class=\"elementor-widget-container\">\n\t\t\t\t\t<div class=\"elementor-spacer\">\n\t\t\t<div class=\"elementor-spacer-inner\"><\/div>\n\t\t<\/div>\n\t\t\t\t<\/div>\n\t\t\t\t<\/div>\n\t\t\t\t<section data-particle_enable=\"false\" data-particle-mobile-disabled=\"false\" class=\"elementor-section elementor-inner-section elementor-element elementor-element-576d53d1 elementor-section-boxed elementor-section-height-default elementor-section-height-default\" data-id=\"576d53d1\" data-element_type=\"section\">\n\t\t\t\t\t\t<div class=\"elementor-container elementor-column-gap-default\">\n\t\t\t\t\t<div class=\"elementor-column elementor-col-25 elementor-inner-column elementor-element elementor-element-fe83eb3\" data-id=\"fe83eb3\" data-element_type=\"column\">\n\t\t\t<div class=\"elementor-widget-wrap elementor-element-populated\">\n\t\t\t\t\t\t\t\t<div class=\"elementor-element elementor-element-13b45a2 elementor-widget elementor-widget-tp-info-box\" data-id=\"13b45a2\" data-element_type=\"widget\" data-widget_type=\"tp-info-box.default\">\n\t\t\t\t<div class=\"elementor-widget-container\">\n\t\t\t<div id=\"info_box69f749df01757\" class=\"pt_plus_info_box hover_slide_top    info_box69f749df01757 info-box-style_3    \"  data-id=\"info_box69f749df01757\"    data-connection=\"\" data-eventtype=\"\" ><div class=\"post-inner-loop \"><div class=\"info-box-inner content_hover_effect content_hover_float tp-info-nc\"   ><div class=\"info-box-bg-box     \" ><div class=\"text-center\"><div class=\"service-center  \"><div class=\"info-icon-content\"><div class=\"service-icon-wrap\"><span class=\" service-icon  \"><i aria-hidden=\"true\" class=\"fas fa-smile-wink\"><\/i><\/span><\/div><\/div><div class=\"service-title \"> Z\u00e1bavn\u00e9 <\/div><\/div><\/div><div class=\"infobox-overlay-color \"><\/div><\/div><\/div><\/div><\/div>\t\t<\/div>\n\t\t\t\t<\/div>\n\t\t\t\t\t<\/div>\n\t\t<\/div>\n\t\t\t\t<div class=\"elementor-column elementor-col-25 elementor-inner-column elementor-element elementor-element-5d721d2c\" data-id=\"5d721d2c\" data-element_type=\"column\">\n\t\t\t<div class=\"elementor-widget-wrap elementor-element-populated\">\n\t\t\t\t\t\t\t\t<div class=\"elementor-element elementor-element-cc051fd elementor-widget elementor-widget-tp-info-box\" data-id=\"cc051fd\" data-element_type=\"widget\" data-widget_type=\"tp-info-box.default\">\n\t\t\t\t<div class=\"elementor-widget-container\">\n\t\t\t<div id=\"info_box69f749df0468d\" class=\"pt_plus_info_box hover_slide_top    info_box69f749df0468d info-box-style_3    \"  data-id=\"info_box69f749df0468d\"    data-connection=\"\" data-eventtype=\"\" ><div class=\"post-inner-loop \"><div class=\"info-box-inner content_hover_effect content_hover_float tp-info-nc\"   ><div class=\"info-box-bg-box     \" ><div class=\"text-center\"><div class=\"service-center  \"><div class=\"info-icon-content\"><div class=\"service-icon-wrap\"><span class=\" service-icon  \"><i aria-hidden=\"true\" class=\"fas fa-diagnoses\"><\/i><\/span><\/div><\/div><div class=\"service-title \"> Antistresov\u00e9 <\/div><\/div><\/div><div class=\"infobox-overlay-color \"><\/div><\/div><\/div><\/div><\/div>\t\t<\/div>\n\t\t\t\t<\/div>\n\t\t\t\t\t<\/div>\n\t\t<\/div>\n\t\t\t\t<div class=\"elementor-column elementor-col-25 elementor-inner-column elementor-element elementor-element-5e1b4f14\" data-id=\"5e1b4f14\" data-element_type=\"column\">\n\t\t\t<div class=\"elementor-widget-wrap elementor-element-populated\">\n\t\t\t\t\t\t\t\t<div class=\"elementor-element elementor-element-9e1bcc1 elementor-widget elementor-widget-tp-info-box\" data-id=\"9e1bcc1\" data-element_type=\"widget\" data-widget_type=\"tp-info-box.default\">\n\t\t\t\t<div class=\"elementor-widget-container\">\n\t\t\t<div id=\"info_box69f749df0705c\" class=\"pt_plus_info_box hover_slide_top    info_box69f749df0705c info-box-style_3    \"  data-id=\"info_box69f749df0705c\"    data-connection=\"\" data-eventtype=\"\" ><div class=\"post-inner-loop \"><div class=\"info-box-inner content_hover_effect content_hover_float tp-info-nc\"   ><div class=\"info-box-bg-box     \" ><div class=\"text-center\"><div class=\"service-center  \"><div class=\"info-icon-content\"><div class=\"service-icon-wrap\"><span class=\" service-icon  \"><i aria-hidden=\"true\" class=\"fas fa-shapes\"><\/i><\/span><\/div><\/div><div class=\"service-title \"> Kreativn\u00ed <\/div><\/div><\/div><div class=\"infobox-overlay-color \"><\/div><\/div><\/div><\/div><\/div>\t\t<\/div>\n\t\t\t\t<\/div>\n\t\t\t\t\t<\/div>\n\t\t<\/div>\n\t\t\t\t<div class=\"elementor-column elementor-col-25 elementor-inner-column elementor-element elementor-element-1d709a7b\" data-id=\"1d709a7b\" data-element_type=\"column\">\n\t\t\t<div class=\"elementor-widget-wrap elementor-element-populated\">\n\t\t\t\t\t\t\t\t<div class=\"elementor-element elementor-element-2294e54 elementor-widget elementor-widget-tp-info-box\" data-id=\"2294e54\" data-element_type=\"widget\" data-widget_type=\"tp-info-box.default\">\n\t\t\t\t<div class=\"elementor-widget-container\">\n\t\t\t<div id=\"info_box69f749df099d7\" class=\"pt_plus_info_box hover_slide_top    info_box69f749df099d7 info-box-style_3    \"  data-id=\"info_box69f749df099d7\"    data-connection=\"\" data-eventtype=\"\" ><div class=\"post-inner-loop \"><div class=\"info-box-inner content_hover_effect content_hover_float tp-info-nc\"   ><div class=\"info-box-bg-box     \" ><div class=\"text-center\"><div class=\"service-center  \"><div class=\"info-icon-content\"><div class=\"service-icon-wrap\"><span class=\" service-icon  \"><i aria-hidden=\"true\" class=\"fas fa-splotch\"><\/i><\/span><\/div><\/div><div class=\"service-title \"> Jedine\u010dn\u00e9 <\/div><\/div><\/div><div class=\"infobox-overlay-color \"><\/div><\/div><\/div><\/div><\/div>\t\t<\/div>\n\t\t\t\t<\/div>\n\t\t\t\t\t<\/div>\n\t\t<\/div>\n\t\t\t\t\t\t\t<\/div>\n\t\t<\/section>\n\t\t\t\t<div class=\"elementor-element elementor-element-1faefa66 elementor-widget elementor-widget-spacer\" data-id=\"1faefa66\" data-element_type=\"widget\" data-widget_type=\"spacer.default\">\n\t\t\t\t<div class=\"elementor-widget-container\">\n\t\t\t\t\t<div class=\"elementor-spacer\">\n\t\t\t<div class=\"elementor-spacer-inner\"><\/div>\n\t\t<\/div>\n\t\t\t\t<\/div>\n\t\t\t\t<\/div>\n\t\t\t\t\t<\/div>\n\t\t<\/div>\n\t\t\t\t\t\t\t<\/div>\n\t\t<\/section>\n\t\t\t\t<section data-particle_enable=\"false\" data-particle-mobile-disabled=\"false\" class=\"elementor-section elementor-top-section elementor-element elementor-element-6e3177e elementor-section-boxed elementor-section-height-default elementor-section-height-default\" data-id=\"6e3177e\" data-element_type=\"section\">\n\t\t\t\t\t\t<div class=\"elementor-container elementor-column-gap-default\">\n\t\t\t\t\t<div class=\"elementor-column elementor-col-100 elementor-top-column elementor-element elementor-element-0084b04\" data-id=\"0084b04\" data-element_type=\"column\">\n\t\t\t<div class=\"elementor-widget-wrap elementor-element-populated\">\n\t\t\t\t\t\t\t\t<div class=\"elementor-element elementor-element-005fd95 elementor-widget elementor-widget-video\" data-id=\"005fd95\" data-element_type=\"widget\" data-settings=\"{&quot;youtube_url&quot;:&quot;https:\\\/\\\/youtu.be\\\/gsba9ynz3fk&quot;,&quot;autoplay&quot;:&quot;yes&quot;,&quot;play_on_mobile&quot;:&quot;yes&quot;,&quot;video_type&quot;:&quot;youtube&quot;,&quot;controls&quot;:&quot;yes&quot;}\" data-widget_type=\"video.default\">\n\t\t\t\t<div class=\"elementor-widget-container\">\n\t\t\t<style>\/*! elementor - v3.14.0 - 26-06-2023 *\/\n.elementor-widget-video .elementor-widget-container{overflow:hidden;transform:translateZ(0)}.elementor-widget-video .elementor-wrapper{aspect-ratio:var(--video-aspect-ratio)}.elementor-widget-video .elementor-wrapper iframe,.elementor-widget-video .elementor-wrapper video{height:100%;width:100%;display:flex;border:none;background-color:#000}@supports not (aspect-ratio:1\/1){.elementor-widget-video .elementor-wrapper{position:relative;overflow:hidden;height:0;padding-bottom:calc(100% \/ var(--video-aspect-ratio))}.elementor-widget-video .elementor-wrapper iframe,.elementor-widget-video .elementor-wrapper video{position:absolute;top:0;right:0;bottom:0;left:0}}.elementor-widget-video .elementor-open-inline .elementor-custom-embed-image-overlay{position:absolute;top:0;left:0;width:100%;height:100%;background-size:cover;background-position:50%}.elementor-widget-video .elementor-custom-embed-image-overlay{cursor:pointer;text-align:center}.elementor-widget-video .elementor-custom-embed-image-overlay:hover .elementor-custom-embed-play i{opacity:1}.elementor-widget-video .elementor-custom-embed-image-overlay img{display:block;width:100%}.elementor-widget-video .e-hosted-video .elementor-video{-o-object-fit:cover;object-fit:cover}.e-con-inner>.elementor-widget-video,.e-con>.elementor-widget-video{width:var(--container-widget-width);--flex-grow:var(--container-widget-flex-grow)}<\/style>\t\t<div class=\"elementor-wrapper elementor-open-inline\">\n\t\t\t<div class=\"elementor-video\"><\/div>\t\t<\/div>\n\t\t\t\t<\/div>\n\t\t\t\t<\/div>\n\t\t\t\t\t<\/div>\n\t\t<\/div>\n\t\t\t\t\t\t\t<\/div>\n\t\t<\/section>\n\t\t\t\t<section data-particle_enable=\"false\" data-particle-mobile-disabled=\"false\" class=\"elementor-section elementor-top-section elementor-element elementor-element-eef4845 elementor-section-boxed elementor-section-height-default elementor-section-height-default\" data-id=\"eef4845\" data-element_type=\"section\">\n\t\t\t\t\t\t<div class=\"elementor-container elementor-column-gap-default\">\n\t\t\t\t\t<div class=\"elementor-column elementor-col-100 elementor-top-column elementor-element elementor-element-b679dd5\" data-id=\"b679dd5\" data-element_type=\"column\">\n\t\t\t<div class=\"elementor-widget-wrap elementor-element-populated\">\n\t\t\t\t\t\t\t\t<div class=\"elementor-element elementor-element-cf16542 instafeed-gallery-eael-col-4 elementor-widget elementor-widget-eael-instafeed\" data-id=\"cf16542\" data-element_type=\"widget\" data-widget_type=\"eael-instafeed.default\">\n\t\t\t\t<div class=\"elementor-widget-container\">\n\t\t\t        <div class=\"eael-instafeed eael-instafeed-overlay eael-instafeed-overlay-simple\" id=\"eael-instafeed-cf16542\">\n                    <\/div>\n        <div class=\"clearfix\"><\/div>\n\n        \t\t<\/div>\n\t\t\t\t<\/div>\n\t\t\t\t\t<\/div>\n\t\t<\/div>\n\t\t\t\t\t\t\t<\/div>\n\t\t<\/section>\n\t\t\t\t\t\t\t<\/div>\n\t\t","protected":false},"excerpt":{"rendered":"<p>Kreativita &#038; motorika Kreativita a rozvoj motoriky jsou d\u016fle\u017eit\u00e9 pro celkov\u00fd v\u00fdvoj d\u00edt\u011bte. Tvorba um\u011bleck\u00fdch d\u011bl, jako je malov\u00e1n\u00ed a modelov\u00e1n\u00ed, pom\u00e1h\u00e1 rozv\u00edjet jemnou motoriku a kreativitu u d\u011bt\u00ed. Z\u00e1rove\u0148 p\u0159in\u00e1\u0161\u00ed radost a p\u0159isp\u00edv\u00e1 ke zlep\u0161en\u00ed sebev\u011bdom\u00ed d\u00edt\u011bte. D\u011btsk\u00e1 hra s p\u00edskem, plastel\u00ednou a legem pom\u00e1h\u00e1 rozv\u00edjet hrubou motoriku a koordinaci pohyb\u016f. Oba aspekty jsou&hellip; <a class=\"more-link\" href=\"https:\/\/Malovanipiskem.idmg.cz\/\">Pokra\u010dovat ve\u00a0\u010dten\u00ed <span class=\"screen-reader-text\">Home<\/span><\/a><\/p>\n","protected":false},"author":1,"featured_media":0,"parent":0,"menu_order":0,"comment_status":"closed","ping_status":"closed","template":"elementor_canvas","meta":{"footnotes":""},"class_list":["post-9","page","type-page","status-publish","hentry","entry"],"_links":{"self":[{"href":"https:\/\/Malovanipiskem.idmg.cz\/index.php?rest_route=\/wp\/v2\/pages\/9","targetHints":{"allow":["GET"]}}],"collection":[{"href":"https:\/\/Malovanipiskem.idmg.cz\/index.php?rest_route=\/wp\/v2\/pages"}],"about":[{"href":"https:\/\/Malovanipiskem.idmg.cz\/index.php?rest_route=\/wp\/v2\/types\/page"}],"author":[{"embeddable":true,"href":"https:\/\/Malovanipiskem.idmg.cz\/index.php?rest_route=\/wp\/v2\/users\/1"}],"replies":[{"embeddable":true,"href":"https:\/\/Malovanipiskem.idmg.cz\/index.php?rest_route=%2Fwp%2Fv2%2Fcomments&post=9"}],"version-history":[{"count":75,"href":"https:\/\/Malovanipiskem.idmg.cz\/index.php?rest_route=\/wp\/v2\/pages\/9\/revisions"}],"predecessor-version":[{"id":130,"href":"https:\/\/Malovanipiskem.idmg.cz\/index.php?rest_route=\/wp\/v2\/pages\/9\/revisions\/130"}],"wp:attachment":[{"href":"https:\/\/Malovanipiskem.idmg.cz\/index.php?rest_route=%2Fwp%2Fv2%2Fmedia&parent=9"}],"curies":[{"name":"wp","href":"https:\/\/api.w.org\/{rel}","templated":true}]}}